{"id":1102,"date":"2025-12-14T23:07:05","date_gmt":"2025-12-14T22:07:05","guid":{"rendered":"https:\/\/tt-probau.de\/?page_id=1102"},"modified":"2026-03-09T18:31:02","modified_gmt":"2026-03-09T17:31:02","slug":"datenschutz","status":"publish","type":"page","link":"https:\/\/tt-probau.de\/?page_id=1102","title":{"rendered":"Datenschutz"},"content":{"rendered":"\t\t<div data-elementor-type=\"wp-page\" data-elementor-id=\"1102\" class=\"elementor elementor-1102\">\n\t\t\t\t<div class=\"elementor-element elementor-element-1b1dd3ff e-flex e-con-boxed wpr-particle-no wpr-jarallax-no wpr-parallax-no wpr-sticky-section-no e-con e-parent\" data-id=\"1b1dd3ff\" data-element_type=\"container\" data-e-type=\"container\">\n\t\t\t\t\t<div class=\"e-con-inner\">\n\t\t\t\t<div class=\"elementor-element elementor-element-3aea504e elementor-widget elementor-widget-text-editor\" data-id=\"3aea504e\" data-element_type=\"widget\" data-e-type=\"widget\" data-widget_type=\"text-editor.default\">\n\t\t\t\t\t\t\t\t\t<h1 data-section-id=\"1oymf5x\" data-start=\"49\" data-end=\"71\">Datenschutzerkl\u00e4rung<\/h1>\n<p data-start=\"73\" data-end=\"242\">Der Schutz Ihrer pers\u00f6nlichen Daten ist uns ein besonderes Anliegen. Wir verarbeiten Ihre Daten ausschlie\u00dflich auf Grundlage der gesetzlichen Bestimmungen (DSGVO, BDSG).<\/p>\n<h2 data-section-id=\"1t4eacn\" data-start=\"244\" data-end=\"266\">1. Verantwortlicher<\/h2>\n<p data-start=\"268\" data-end=\"303\">TT-ProBau<br data-start=\"277\" data-end=\"280\" \/>Inhaber: Tekeli Tahir<\/p>\n<p data-start=\"305\" data-end=\"352\">Alsenstr. 18<br data-start=\"317\" data-end=\"320\" \/>46045 Oberhausen<br data-start=\"336\" data-end=\"339\" \/>Deutschland<\/p>\n<p data-start=\"354\" data-end=\"409\">Telefon: +49 176 63040212<br data-start=\"379\" data-end=\"382\" \/>E-Mail: <a class=\"decorated-link cursor-pointer\" rel=\"noopener\" data-start=\"390\" data-end=\"407\">info@tt-probau.de<\/a><\/p>\n<hr data-start=\"411\" data-end=\"414\" \/>\n<h2 data-section-id=\"g2publ\" data-start=\"416\" data-end=\"463\">2. Allgemeine Hinweise zur Datenverarbeitung<\/h2>\n<p data-start=\"465\" data-end=\"706\">Personenbezogene Daten sind alle Daten, mit denen Sie pers\u00f6nlich identifiziert werden k\u00f6nnen. Wir behandeln Ihre personenbezogenen Daten vertraulich und entsprechend der gesetzlichen Datenschutzvorschriften sowie dieser Datenschutzerkl\u00e4rung.<\/p>\n<p data-start=\"708\" data-end=\"928\">Die Nutzung unserer Website ist in der Regel ohne Angabe personenbezogener Daten m\u00f6glich. Soweit personenbezogene Daten erhoben werden, erfolgt dies auf freiwilliger Basis oder auf Grundlage einer gesetzlichen Erlaubnis.<\/p>\n<hr data-start=\"930\" data-end=\"933\" \/>\n<h2 data-section-id=\"9qig9k\" data-start=\"935\" data-end=\"948\">3. Hosting<\/h2>\n<p data-start=\"950\" data-end=\"1257\">Unsere Website wird bei einem externen Hosting-Dienstleister betrieben. Personenbezogene Daten, die auf dieser Website erfasst werden, werden auf den Servern des Hosters verarbeitet. Hierbei kann es sich insbesondere um IP-Adressen, Meta- und Kommunikationsdaten, Websitezugriffe und sonstige Daten handeln.<\/p>\n<p data-start=\"1259\" data-end=\"1408\">Die Verarbeitung erfolgt auf Grundlage von Art. 6 Abs. 1 lit. f DSGVO (berechtigtes Interesse an einem sicheren und effizienten Betrieb der Website).<\/p>\n<hr data-start=\"1410\" data-end=\"1413\" \/>\n<h2 data-section-id=\"1y8cbpv\" data-start=\"1415\" data-end=\"1452\">4. Zugriffsdaten \/ Server-Logfiles<\/h2>\n<p data-start=\"1454\" data-end=\"1618\">Der Hosting-Provider erhebt und speichert automatisch Informationen in sogenannten Server-Logfiles, die Ihr Browser automatisch \u00fcbermittelt. Dies sind insbesondere:<\/p>\n<ul data-start=\"1620\" data-end=\"1785\">\n<li data-section-id=\"1h0uk97\" data-start=\"1620\" data-end=\"1634\">\n<p data-start=\"1622\" data-end=\"1634\">IP-Adresse<\/p>\n<\/li>\n<li data-section-id=\"lq55n4\" data-start=\"1635\" data-end=\"1668\">\n<p data-start=\"1637\" data-end=\"1668\">Browsertyp und Browserversion<\/p>\n<\/li>\n<li data-section-id=\"16zjdan\" data-start=\"1669\" data-end=\"1699\">\n<p data-start=\"1671\" data-end=\"1699\">verwendetes Betriebssystem<\/p>\n<\/li>\n<li data-section-id=\"anwpz4\" data-start=\"1700\" data-end=\"1716\">\n<p data-start=\"1702\" data-end=\"1716\">Referrer URL<\/p>\n<\/li>\n<li data-section-id=\"11xzbtr\" data-start=\"1717\" data-end=\"1755\">\n<p data-start=\"1719\" data-end=\"1755\">Hostname des zugreifenden Rechners<\/p>\n<\/li>\n<li data-section-id=\"6is6x7\" data-start=\"1756\" data-end=\"1785\">\n<p data-start=\"1758\" data-end=\"1785\">Uhrzeit der Serveranfrage<\/p>\n<\/li>\n<\/ul>\n<p data-start=\"1787\" data-end=\"1924\">Diese Daten sind nicht bestimmten Personen zuordenbar. Eine Zusammenf\u00fchrung dieser Daten mit anderen Datenquellen wird nicht vorgenommen.<\/p>\n<hr data-start=\"1926\" data-end=\"1929\" \/>\n<h2 data-section-id=\"174bwlh\" data-start=\"1931\" data-end=\"1977\">5. Kontaktaufnahme per Formular oder E-Mail<\/h2>\n<p data-start=\"1979\" data-end=\"2207\">Wenn Sie uns per Kontaktformular oder E-Mail Anfragen zukommen lassen, werden Ihre Angaben inklusive der von Ihnen angegebenen Kontaktdaten zwecks Bearbeitung der Anfrage und f\u00fcr den Fall von Anschlussfragen bei uns gespeichert.<\/p>\n<p data-start=\"2209\" data-end=\"2241\">Verarbeitet werden insbesondere:<\/p>\n<ul data-start=\"2243\" data-end=\"2331\">\n<li data-section-id=\"1t2yru7\" data-start=\"2243\" data-end=\"2251\">\n<p data-start=\"2245\" data-end=\"2251\">Name<\/p>\n<\/li>\n<li data-section-id=\"1iykec3\" data-start=\"2252\" data-end=\"2270\">\n<p data-start=\"2254\" data-end=\"2270\">E-Mail-Adresse<\/p>\n<\/li>\n<li data-section-id=\"klmrbc\" data-start=\"2271\" data-end=\"2306\">\n<p data-start=\"2273\" data-end=\"2306\">Telefonnummer (falls angegeben)<\/p>\n<\/li>\n<li data-section-id=\"rhi99\" data-start=\"2307\" data-end=\"2331\">\n<p data-start=\"2309\" data-end=\"2331\">Inhalt der Nachricht<\/p>\n<\/li>\n<\/ul>\n<p data-start=\"2333\" data-end=\"2391\">Diese Daten geben wir nicht ohne Ihre Einwilligung weiter.<\/p>\n<p data-start=\"2393\" data-end=\"2588\">Rechtsgrundlage der Verarbeitung ist Art. 6 Abs. 1 lit. b DSGVO (Vertrag oder vorvertragliche Ma\u00dfnahmen) sowie Art. 6 Abs. 1 lit. f DSGVO (berechtigtes Interesse an der Bearbeitung von Anfragen).<\/p>\n<hr data-start=\"2590\" data-end=\"2593\" \/>\n<h2 data-section-id=\"1u2ctox\" data-start=\"2595\" data-end=\"2621\">6. E-Mail-Kommunikation<\/h2>\n<p data-start=\"2623\" data-end=\"2807\">Wenn Sie uns per E-Mail kontaktieren, werden die \u00fcbermittelten Daten zur Bearbeitung Ihrer Anfrage gespeichert. Diese Daten werden ohne Ihre Einwilligung nicht an Dritte weitergegeben.<\/p>\n<hr data-start=\"2809\" data-end=\"2812\" \/>\n<h2 data-section-id=\"19gdu4o\" data-start=\"2814\" data-end=\"2840\">7. Weitergabe von Daten<\/h2>\n<p data-start=\"2842\" data-end=\"2918\">Eine \u00dcbermittlung Ihrer personenbezogenen Daten an Dritte erfolgt nur, wenn:<\/p>\n<ul data-start=\"2920\" data-end=\"3050\">\n<li data-section-id=\"12bsuns\" data-start=\"2920\" data-end=\"2959\">\n<p data-start=\"2922\" data-end=\"2959\">Sie ausdr\u00fccklich eingewilligt haben<\/p>\n<\/li>\n<li data-section-id=\"1w0fj5e\" data-start=\"2960\" data-end=\"3007\">\n<p data-start=\"2962\" data-end=\"3007\">dies zur Vertragserf\u00fcllung erforderlich ist<\/p>\n<\/li>\n<li data-section-id=\"1mx8jna\" data-start=\"3008\" data-end=\"3050\">\n<p data-start=\"3010\" data-end=\"3050\">eine gesetzliche Verpflichtung besteht<\/p>\n<\/li>\n<\/ul>\n<p data-start=\"3052\" data-end=\"3103\">Eine Weitergabe zu Werbezwecken findet nicht statt.<\/p>\n<hr data-start=\"3105\" data-end=\"3108\" \/>\n<h2 data-section-id=\"wmiqg7\" data-start=\"3110\" data-end=\"3129\">8. Speicherdauer<\/h2>\n<p data-start=\"3131\" data-end=\"3367\">Wir speichern personenbezogene Daten nur so lange, wie dies zur Erf\u00fcllung der jeweiligen Zwecke erforderlich ist oder gesetzliche Aufbewahrungsfristen bestehen. Nach Wegfall des Zweckes bzw. Ablauf der Fristen werden die Daten gel\u00f6scht.<\/p>\n<hr data-start=\"3369\" data-end=\"3372\" \/>\n<h2 data-section-id=\"1iqofk9\" data-start=\"3374\" data-end=\"3391\">9. Ihre Rechte<\/h2>\n<p data-start=\"3393\" data-end=\"3427\">Sie haben jederzeit das Recht auf:<\/p>\n<ul data-start=\"3429\" data-end=\"3724\">\n<li data-section-id=\"1letppf\" data-start=\"3429\" data-end=\"3487\">\n<p data-start=\"3431\" data-end=\"3487\">Auskunft \u00fcber Ihre gespeicherten Daten (Art. 15 DSGVO)<\/p>\n<\/li>\n<li data-section-id=\"1ljpin7\" data-start=\"3488\" data-end=\"3538\">\n<p data-start=\"3490\" data-end=\"3538\">Berichtigung unrichtiger Daten (Art. 16 DSGVO)<\/p>\n<\/li>\n<li data-section-id=\"x2wwgf\" data-start=\"3539\" data-end=\"3579\">\n<p data-start=\"3541\" data-end=\"3579\">L\u00f6schung Ihrer Daten (Art. 17 DSGVO)<\/p>\n<\/li>\n<li data-section-id=\"1irgdbm\" data-start=\"3580\" data-end=\"3630\">\n<p data-start=\"3582\" data-end=\"3630\">Einschr\u00e4nkung der Verarbeitung (Art. 18 DSGVO)<\/p>\n<\/li>\n<li data-section-id=\"1rxfph6\" data-start=\"3631\" data-end=\"3671\">\n<p data-start=\"3633\" data-end=\"3671\">Daten\u00fcbertragbarkeit (Art. 20 DSGVO)<\/p>\n<\/li>\n<li data-section-id=\"49nhru\" data-start=\"3672\" data-end=\"3724\">\n<p data-start=\"3674\" data-end=\"3724\">Widerspruch gegen die Verarbeitung (Art. 21 DSGVO)<\/p>\n<\/li>\n<\/ul>\n<p data-start=\"3726\" data-end=\"3823\">Zur Wahrnehmung Ihrer Rechte gen\u00fcgt eine formlose Mitteilung per E-Mail an <strong data-start=\"3801\" data-end=\"3822\"><a class=\"decorated-link cursor-pointer\" rel=\"noopener\" data-start=\"3803\" data-end=\"3820\">info@tt-probau.de<\/a><\/strong>.<\/p>\n<hr data-start=\"3825\" data-end=\"3828\" \/>\n<h2 data-section-id=\"idfl3j\" data-start=\"3830\" data-end=\"3877\">10. Beschwerderecht bei der Aufsichtsbeh\u00f6rde<\/h2>\n<p data-start=\"3879\" data-end=\"4046\">Sie haben das Recht, sich bei einer Datenschutz-Aufsichtsbeh\u00f6rde zu beschweren. Zust\u00e4ndig ist insbesondere die Datenschutzbeh\u00f6rde des Bundeslandes Nordrhein-Westfalen.<\/p>\n<hr data-start=\"4048\" data-end=\"4051\" \/>\n<h2 data-section-id=\"1g9vx2f\" data-start=\"4053\" data-end=\"4075\">11. Datensicherheit<\/h2>\n<p data-start=\"4077\" data-end=\"4328\">Wir setzen technische und organisatorische Sicherheitsma\u00dfnahmen ein, um Ihre Daten gegen Manipulation, Verlust oder unbefugten Zugriff zu sch\u00fctzen. Unsere Sicherheitsma\u00dfnahmen werden entsprechend der technologischen Entwicklung fortlaufend verbessert.<\/p>\n<hr data-start=\"4330\" data-end=\"4333\" \/>\n<h2 data-section-id=\"56ojvt\" data-start=\"4335\" data-end=\"4380\">12. \u00c4nderungen dieser Datenschutzerkl\u00e4rung<\/h2>\n<p data-start=\"4382\" data-end=\"4521\">Wir behalten uns vor, diese Datenschutzerkl\u00e4rung bei Bedarf anzupassen, damit sie stets den aktuellen rechtlichen Anforderungen entspricht.<\/p>\n<p data-start=\"4523\" data-end=\"4543\"><strong data-start=\"4523\" data-end=\"4543\">Stand: M\u00e4rz 2026<\/strong><\/p>\t\t\t\t\t\t\t\t<\/div>\n\t\t\t\t\t<\/div>\n\t\t\t\t<\/div>\n\t\t\t\t<\/div>\n\t\t","protected":false},"excerpt":{"rendered":"<p>Datenschutzerkl\u00e4rung Der Schutz Ihrer pers\u00f6nlichen Daten ist uns ein besonderes Anliegen. Wir verarbeiten Ihre Daten ausschlie\u00dflich auf Grundlage der gesetzlichen Bestimmungen (DSGVO, BDSG). 1. Verantwortlicher TT-ProBauInhaber: Tekeli Tahir Alsenstr. 1846045 OberhausenDeutschland Telefon: +49 176 63040212E-Mail: info@tt-probau.de 2. Allgemeine Hinweise zur Datenverarbeitung Personenbezogene Daten sind alle Daten, mit denen Sie pers\u00f6nlich identifiziert werden k\u00f6nnen. Wir behandeln Ihre personenbezogenen Daten vertraulich und entsprechend der gesetzlichen Datenschutzvorschriften sowie dieser Datenschutzerkl\u00e4rung. Die Nutzung unserer Website ist in der Regel ohne Angabe personenbezogener Daten m\u00f6glich. Soweit personenbezogene Daten erhoben werden, erfolgt dies auf freiwilliger Basis oder auf Grundlage einer gesetzlichen Erlaubnis. 3. Hosting Unsere Website wird bei einem externen Hosting-Dienstleister betrieben. Personenbezogene Daten, die auf dieser Website erfasst werden, werden auf den Servern des Hosters verarbeitet. Hierbei kann es sich insbesondere um IP-Adressen, Meta- und Kommunikationsdaten, Websitezugriffe und sonstige Daten handeln. Die Verarbeitung erfolgt auf Grundlage von Art. 6 Abs. 1 lit. f DSGVO (berechtigtes Interesse an einem sicheren und effizienten Betrieb der Website). 4. Zugriffsdaten \/ Server-Logfiles Der Hosting-Provider erhebt und speichert automatisch Informationen in sogenannten Server-Logfiles, die Ihr Browser automatisch \u00fcbermittelt. Dies sind insbesondere: IP-Adresse Browsertyp und Browserversion verwendetes Betriebssystem Referrer URL Hostname des zugreifenden Rechners Uhrzeit der Serveranfrage Diese Daten sind nicht bestimmten Personen zuordenbar. Eine Zusammenf\u00fchrung dieser Daten mit anderen Datenquellen wird nicht vorgenommen. 5. Kontaktaufnahme per Formular oder E-Mail Wenn Sie uns per Kontaktformular oder E-Mail Anfragen zukommen lassen, werden Ihre Angaben inklusive der von Ihnen angegebenen Kontaktdaten zwecks Bearbeitung der Anfrage und f\u00fcr den Fall von Anschlussfragen bei uns gespeichert. Verarbeitet werden insbesondere: Name E-Mail-Adresse Telefonnummer (falls angegeben) Inhalt der Nachricht Diese Daten geben wir nicht ohne Ihre Einwilligung weiter. Rechtsgrundlage der Verarbeitung ist Art. 6 Abs. 1 lit. b DSGVO (Vertrag oder vorvertragliche Ma\u00dfnahmen) sowie Art. 6 Abs. 1 lit. f DSGVO (berechtigtes Interesse an der Bearbeitung von Anfragen). 6. E-Mail-Kommunikation Wenn Sie uns per E-Mail kontaktieren, werden die \u00fcbermittelten Daten zur Bearbeitung Ihrer Anfrage gespeichert. Diese Daten werden ohne Ihre Einwilligung nicht an Dritte weitergegeben. 7. Weitergabe von Daten Eine \u00dcbermittlung Ihrer personenbezogenen Daten an Dritte erfolgt nur, wenn: Sie ausdr\u00fccklich eingewilligt haben dies zur Vertragserf\u00fcllung erforderlich ist eine gesetzliche Verpflichtung besteht Eine Weitergabe zu Werbezwecken findet nicht statt. 8. Speicherdauer Wir speichern personenbezogene Daten nur so lange, wie dies zur Erf\u00fcllung der jeweiligen Zwecke erforderlich ist oder gesetzliche Aufbewahrungsfristen bestehen. Nach Wegfall des Zweckes bzw. Ablauf der Fristen werden die Daten gel\u00f6scht. 9. Ihre Rechte Sie haben jederzeit das Recht auf: Auskunft \u00fcber Ihre gespeicherten Daten (Art. 15 DSGVO) Berichtigung unrichtiger Daten (Art. 16 DSGVO) L\u00f6schung Ihrer Daten (Art. 17 DSGVO) Einschr\u00e4nkung der Verarbeitung (Art. 18 DSGVO) Daten\u00fcbertragbarkeit (Art. 20 DSGVO) Widerspruch gegen die Verarbeitung (Art. 21 DSGVO) Zur Wahrnehmung Ihrer Rechte gen\u00fcgt eine formlose Mitteilung per E-Mail an info@tt-probau.de. 10. Beschwerderecht bei der Aufsichtsbeh\u00f6rde Sie haben das Recht, sich bei einer Datenschutz-Aufsichtsbeh\u00f6rde zu beschweren. Zust\u00e4ndig ist insbesondere die Datenschutzbeh\u00f6rde des Bundeslandes Nordrhein-Westfalen. 11. Datensicherheit Wir setzen technische und organisatorische Sicherheitsma\u00dfnahmen ein, um Ihre Daten gegen Manipulation, Verlust oder unbefugten Zugriff zu sch\u00fctzen. Unsere Sicherheitsma\u00dfnahmen werden entsprechend der technologischen Entwicklung fortlaufend verbessert. 12. \u00c4nderungen dieser Datenschutzerkl\u00e4rung Wir behalten uns vor, diese Datenschutzerkl\u00e4rung bei Bedarf anzupassen, damit sie stets den aktuellen rechtlichen Anforderungen entspricht. Stand: M\u00e4rz 2026<\/p>\n","protected":false},"author":1,"featured_media":0,"parent":0,"menu_order":0,"comment_status":"closed","ping_status":"closed","template":"","meta":{"footnotes":""},"class_list":["post-1102","page","type-page","status-publish","hentry"],"_links":{"self":[{"href":"https:\/\/tt-probau.de\/index.php?rest_route=\/wp\/v2\/pages\/1102","targetHints":{"allow":["GET"]}}],"collection":[{"href":"https:\/\/tt-probau.de\/index.php?rest_route=\/wp\/v2\/pages"}],"about":[{"href":"https:\/\/tt-probau.de\/index.php?rest_route=\/wp\/v2\/types\/page"}],"author":[{"embeddable":true,"href":"https:\/\/tt-probau.de\/index.php?rest_route=\/wp\/v2\/users\/1"}],"replies":[{"embeddable":true,"href":"https:\/\/tt-probau.de\/index.php?rest_route=%2Fwp%2Fv2%2Fcomments&post=1102"}],"version-history":[{"count":8,"href":"https:\/\/tt-probau.de\/index.php?rest_route=\/wp\/v2\/pages\/1102\/revisions"}],"predecessor-version":[{"id":1868,"href":"https:\/\/tt-probau.de\/index.php?rest_route=\/wp\/v2\/pages\/1102\/revisions\/1868"}],"wp:attachment":[{"href":"https:\/\/tt-probau.de\/index.php?rest_route=%2Fwp%2Fv2%2Fmedia&parent=1102"}],"curies":[{"name":"wp","href":"https:\/\/api.w.org\/{rel}","templated":true}]}}