{"id":1112,"date":"2025-12-14T23:10:46","date_gmt":"2025-12-14T22:10:46","guid":{"rendered":"https:\/\/tt-probau.de\/?page_id=1112"},"modified":"2026-03-09T18:31:45","modified_gmt":"2026-03-09T17:31:45","slug":"impressum","status":"publish","type":"page","link":"https:\/\/tt-probau.de\/?page_id=1112","title":{"rendered":"Impressum"},"content":{"rendered":"\t\t<div data-elementor-type=\"wp-page\" data-elementor-id=\"1112\" class=\"elementor elementor-1112\">\n\t\t\t\t<div class=\"elementor-element elementor-element-c24e033 e-flex e-con-boxed wpr-particle-no wpr-jarallax-no wpr-parallax-no wpr-sticky-section-no e-con e-parent\" data-id=\"c24e033\" data-element_type=\"container\" data-e-type=\"container\">\n\t\t\t\t\t<div class=\"e-con-inner\">\n\t\t\t\t<div class=\"elementor-element elementor-element-68b35a73 elementor-widget elementor-widget-text-editor\" data-id=\"68b35a73\" data-element_type=\"widget\" data-e-type=\"widget\" data-widget_type=\"text-editor.default\">\n\t\t\t\t\t\t\t\t\t<p data-start=\"0\" data-end=\"13\"><strong data-start=\"0\" data-end=\"13\">Impressum<\/strong><\/p>\n<p data-start=\"15\" data-end=\"36\">Angaben gem\u00e4\u00df \u00a7 5 TMG<\/p>\n<p data-start=\"38\" data-end=\"77\"><strong data-start=\"38\" data-end=\"51\">TT-ProBau<\/strong><br data-start=\"51\" data-end=\"54\" \/>Inhaber: Tekeli Tahir<\/p>\n<p data-start=\"79\" data-end=\"126\">Alsenstr. 18<br data-start=\"91\" data-end=\"94\" \/>46045 Oberhausen<br data-start=\"110\" data-end=\"113\" \/>Deutschland<\/p>\n<p data-start=\"128\" data-end=\"139\"><strong data-start=\"128\" data-end=\"139\">Kontakt<\/strong><\/p>\n<p data-start=\"141\" data-end=\"196\">Telefon: +49 176 63040212<br data-start=\"166\" data-end=\"169\" \/>E-Mail: <a class=\"decorated-link cursor-pointer\" rel=\"noopener\" data-start=\"177\" data-end=\"194\">info@tt-probau.de<\/a><\/p>\n<p data-start=\"198\" data-end=\"212\"><strong data-start=\"198\" data-end=\"212\">Rechtsform<\/strong><\/p>\n<p data-start=\"214\" data-end=\"233\">Einzelunternehmen<\/p>\n<p data-start=\"235\" data-end=\"254\"><strong data-start=\"235\" data-end=\"254\">Vertreten durch<\/strong><\/p>\n<p data-start=\"256\" data-end=\"270\">Tekeli Tahir<\/p>\n<p data-start=\"272\" data-end=\"288\"><strong data-start=\"272\" data-end=\"288\">Steuernummer<\/strong><\/p>\n<p data-start=\"290\" data-end=\"302\">Wird erg\u00e4nzt<\/p>\n<p data-start=\"304\" data-end=\"356\"><strong data-start=\"304\" data-end=\"356\">Inhaltlich verantwortlich gem\u00e4\u00df \u00a7 18 Abs. 2 MStV<\/strong><\/p>\n<p data-start=\"358\" data-end=\"406\">Tekeli Tahir<br data-start=\"370\" data-end=\"373\" \/>Alsenstr. 18<br data-start=\"385\" data-end=\"388\" \/>46045 Oberhausen<\/p>\n<hr data-start=\"408\" data-end=\"411\" \/>\n<p data-start=\"413\" data-end=\"436\"><strong data-start=\"413\" data-end=\"436\">Haftung f\u00fcr Inhalte<\/strong><\/p>\n<p data-start=\"438\" data-end=\"906\">Als Diensteanbieter sind wir gem\u00e4\u00df \u00a7 7 Abs. 1 TMG f\u00fcr eigene Inhalte auf diesen Seiten nach den allgemeinen Gesetzen verantwortlich. Nach \u00a7\u00a7 8 bis 10 TMG sind wir jedoch nicht verpflichtet, \u00fcbermittelte oder gespeicherte fremde Informationen zu \u00fcberwachen oder nach Umst\u00e4nden zu forschen, die auf eine rechtswidrige T\u00e4tigkeit hinweisen. Verpflichtungen zur Entfernung oder Sperrung der Nutzung von Informationen nach den allgemeinen Gesetzen bleiben hiervon unber\u00fchrt.<\/p>\n<hr data-start=\"908\" data-end=\"911\" \/>\n<p data-start=\"913\" data-end=\"934\"><strong data-start=\"913\" data-end=\"934\">Haftung f\u00fcr Links<\/strong><\/p>\n<p data-start=\"936\" data-end=\"1227\">Unsere Website enth\u00e4lt Links zu externen Websites Dritter, auf deren Inhalte wir keinen Einfluss haben. Deshalb k\u00f6nnen wir f\u00fcr diese fremden Inhalte auch keine Gew\u00e4hr \u00fcbernehmen. F\u00fcr die Inhalte der verlinkten Seiten ist stets der jeweilige Anbieter oder Betreiber der Seiten verantwortlich.<\/p>\n<hr data-start=\"1229\" data-end=\"1232\" \/>\n<p data-start=\"1234\" data-end=\"1250\"><strong data-start=\"1234\" data-end=\"1250\">Urheberrecht<\/strong><\/p>\n<p data-start=\"1252\" data-end=\"1562\">Die durch die Seitenbetreiber erstellten Inhalte und Werke auf dieser Website unterliegen dem deutschen Urheberrecht. Die Vervielf\u00e4ltigung, Bearbeitung, Verbreitung und jede Art der Verwertung au\u00dferhalb der Grenzen des Urheberrechtes bed\u00fcrfen der schriftlichen Zustimmung des jeweiligen Autors bzw. Erstellers.<\/p>\n<hr data-start=\"1564\" data-end=\"1567\" \/>\n<p data-start=\"1569\" data-end=\"1589\" data-is-last-node=\"\" data-is-only-node=\"\"><strong data-start=\"1569\" data-end=\"1589\" data-is-last-node=\"\">Stand: M\u00e4rz 2026<\/strong><\/p>\t\t\t\t\t\t\t\t<\/div>\n\t\t\t\t\t<\/div>\n\t\t\t\t<\/div>\n\t\t\t\t<\/div>\n\t\t","protected":false},"excerpt":{"rendered":"<p>Impressum Angaben gem\u00e4\u00df \u00a7 5 TMG TT-ProBauInhaber: Tekeli Tahir Alsenstr. 1846045 OberhausenDeutschland Kontakt Telefon: +49 176 63040212E-Mail: info@tt-probau.de Rechtsform Einzelunternehmen Vertreten durch Tekeli Tahir Steuernummer Wird erg\u00e4nzt Inhaltlich verantwortlich gem\u00e4\u00df \u00a7 18 Abs. 2 MStV Tekeli TahirAlsenstr. 1846045 Oberhausen Haftung f\u00fcr Inhalte Als Diensteanbieter sind wir gem\u00e4\u00df \u00a7 7 Abs. 1 TMG f\u00fcr eigene Inhalte auf diesen Seiten nach den allgemeinen Gesetzen verantwortlich. Nach \u00a7\u00a7 8 bis 10 TMG sind wir jedoch nicht verpflichtet, \u00fcbermittelte oder gespeicherte fremde Informationen zu \u00fcberwachen oder nach Umst\u00e4nden zu forschen, die auf eine rechtswidrige T\u00e4tigkeit hinweisen. Verpflichtungen zur Entfernung oder Sperrung der Nutzung von Informationen nach den allgemeinen Gesetzen bleiben hiervon unber\u00fchrt. Haftung f\u00fcr Links Unsere Website enth\u00e4lt Links zu externen Websites Dritter, auf deren Inhalte wir keinen Einfluss haben. Deshalb k\u00f6nnen wir f\u00fcr diese fremden Inhalte auch keine Gew\u00e4hr \u00fcbernehmen. F\u00fcr die Inhalte der verlinkten Seiten ist stets der jeweilige Anbieter oder Betreiber der Seiten verantwortlich. Urheberrecht Die durch die Seitenbetreiber erstellten Inhalte und Werke auf dieser Website unterliegen dem deutschen Urheberrecht. Die Vervielf\u00e4ltigung, Bearbeitung, Verbreitung und jede Art der Verwertung au\u00dferhalb der Grenzen des Urheberrechtes bed\u00fcrfen der schriftlichen Zustimmung des jeweiligen Autors bzw. Erstellers. Stand: M\u00e4rz 2026<\/p>\n","protected":false},"author":1,"featured_media":0,"parent":0,"menu_order":0,"comment_status":"closed","ping_status":"closed","template":"","meta":{"footnotes":""},"class_list":["post-1112","page","type-page","status-publish","hentry"],"_links":{"self":[{"href":"https:\/\/tt-probau.de\/index.php?rest_route=\/wp\/v2\/pages\/1112","targetHints":{"allow":["GET"]}}],"collection":[{"href":"https:\/\/tt-probau.de\/index.php?rest_route=\/wp\/v2\/pages"}],"about":[{"href":"https:\/\/tt-probau.de\/index.php?rest_route=\/wp\/v2\/types\/page"}],"author":[{"embeddable":true,"href":"https:\/\/tt-probau.de\/index.php?rest_route=\/wp\/v2\/users\/1"}],"replies":[{"embeddable":true,"href":"https:\/\/tt-probau.de\/index.php?rest_route=%2Fwp%2Fv2%2Fcomments&post=1112"}],"version-history":[{"count":10,"href":"https:\/\/tt-probau.de\/index.php?rest_route=\/wp\/v2\/pages\/1112\/revisions"}],"predecessor-version":[{"id":1871,"href":"https:\/\/tt-probau.de\/index.php?rest_route=\/wp\/v2\/pages\/1112\/revisions\/1871"}],"wp:attachment":[{"href":"https:\/\/tt-probau.de\/index.php?rest_route=%2Fwp%2Fv2%2Fmedia&parent=1112"}],"curies":[{"name":"wp","href":"https:\/\/api.w.org\/{rel}","templated":true}]}}