{"id":13,"date":"2022-05-04T16:25:26","date_gmt":"2022-05-04T14:25:26","guid":{"rendered":"https:\/\/demosites.royal-elementor-addons.com\/carwash-v1\/?page_id=13"},"modified":"2026-03-09T13:37:37","modified_gmt":"2026-03-09T12:37:37","slug":"about","status":"publish","type":"page","link":"https:\/\/tt-probau.de\/?page_id=13","title":{"rendered":"\u00dcber uns"},"content":{"rendered":"\t\t<div data-elementor-type=\"wp-page\" data-elementor-id=\"13\" class=\"elementor elementor-13\">\n\t\t\t\t\t\t<section class=\"elementor-section elementor-top-section elementor-element elementor-element-a1a84db elementor-section-height-min-height elementor-section-boxed elementor-section-height-default elementor-section-items-middle wpr-particle-no wpr-jarallax-no wpr-parallax-no wpr-sticky-section-no\" data-id=\"a1a84db\" data-element_type=\"section\" data-e-type=\"section\" data-settings=\"{&quot;background_background&quot;:&quot;classic&quot;}\">\n\t\t\t\t\t\t\t<div class=\"elementor-background-overlay\"><\/div>\n\t\t\t\t\t\t\t<div class=\"elementor-container elementor-column-gap-default\">\n\t\t\t\t\t<div class=\"elementor-column elementor-col-100 elementor-top-column elementor-element elementor-element-3d28e1a\" data-id=\"3d28e1a\" data-element_type=\"column\" data-e-type=\"column\">\n\t\t\t<div class=\"elementor-widget-wrap\">\n\t\t\t\t\t\t\t<\/div>\n\t\t<\/div>\n\t\t\t\t\t<\/div>\n\t\t<\/section>\n\t\t\t\t<section class=\"elementor-section elementor-top-section elementor-element elementor-element-f4be255 elementor-section-boxed elementor-section-height-default elementor-section-height-default wpr-particle-no wpr-jarallax-no wpr-parallax-no wpr-sticky-section-no\" data-id=\"f4be255\" data-element_type=\"section\" data-e-type=\"section\">\n\t\t\t\t\t\t<div class=\"elementor-container elementor-column-gap-wide\">\n\t\t\t\t\t<div class=\"elementor-column elementor-col-50 elementor-top-column elementor-element elementor-element-0137ec8\" data-id=\"0137ec8\" data-element_type=\"column\" data-e-type=\"column\">\n\t\t\t<div class=\"elementor-widget-wrap elementor-element-populated\">\n\t\t\t\t\t\t<section class=\"elementor-section elementor-inner-section elementor-element elementor-element-aab6700 elementor-section-boxed elementor-section-height-default elementor-section-height-default wpr-particle-no wpr-jarallax-no wpr-parallax-no wpr-sticky-section-no\" data-id=\"aab6700\" data-element_type=\"section\" data-e-type=\"section\">\n\t\t\t\t\t\t<div class=\"elementor-container elementor-column-gap-default\">\n\t\t\t\t\t<div class=\"elementor-column elementor-col-50 elementor-inner-column elementor-element elementor-element-f0fb2eb\" data-id=\"f0fb2eb\" data-element_type=\"column\" data-e-type=\"column\">\n\t\t\t<div class=\"elementor-widget-wrap elementor-element-populated\">\n\t\t\t\t\t\t<div class=\"elementor-element elementor-element-e2d4cf7 elementor-widget-divider--view-line elementor-widget elementor-widget-divider\" data-id=\"e2d4cf7\" data-element_type=\"widget\" data-e-type=\"widget\" data-widget_type=\"divider.default\">\n\t\t\t\t\t\t\t<div class=\"elementor-divider\">\n\t\t\t<span class=\"elementor-divider-separator\">\n\t\t\t\t\t\t<\/span>\n\t\t<\/div>\n\t\t\t\t\t\t<\/div>\n\t\t\t\t\t<\/div>\n\t\t<\/div>\n\t\t\t\t<div class=\"elementor-column elementor-col-50 elementor-inner-column elementor-element elementor-element-047b102\" data-id=\"047b102\" data-element_type=\"column\" data-e-type=\"column\">\n\t\t\t<div class=\"elementor-widget-wrap elementor-element-populated\">\n\t\t\t\t\t\t<div class=\"elementor-element elementor-element-85b288c elementor-widget elementor-widget-heading\" data-id=\"85b288c\" data-element_type=\"widget\" data-e-type=\"widget\" data-widget_type=\"heading.default\">\n\t\t\t\t\t<h2 class=\"elementor-heading-title elementor-size-default\">\u00dcber uns<\/h2>\t\t\t\t<\/div>\n\t\t\t\t\t<\/div>\n\t\t<\/div>\n\t\t\t\t\t<\/div>\n\t\t<\/section>\n\t\t\t\t<div class=\"elementor-element elementor-element-fce15ef elementor-widget elementor-widget-heading\" data-id=\"fce15ef\" data-element_type=\"widget\" data-e-type=\"widget\" data-widget_type=\"heading.default\">\n\t\t\t\t\t<h2 class=\"elementor-heading-title elementor-size-default\">Ein erfahrenes Team f\u00fcr Bau &amp; Sanierung<\/h2>\t\t\t\t<\/div>\n\t\t\t\t<div class=\"elementor-element elementor-element-9b7809c elementor-widget elementor-widget-text-editor\" data-id=\"9b7809c\" data-element_type=\"widget\" data-e-type=\"widget\" data-widget_type=\"text-editor.default\">\n\t\t\t\t\t\t\t\t\t<p class=\"p1\">Seit mehreren Jahren realisieren wir Bau- und Sanierungsprojekte f\u00fcr private, gewerbliche und industrielle Auftraggeber. Als Generalunternehmen b\u00fcndeln wir Fachkompetenz, Organisation und handwerkliche Qualit\u00e4t unter einem Dach. Unser Team besteht aus erfahrenen Projektleitern und zuverl\u00e4ssigen Partnerbetrieben, die jedes Vorhaben mit Sorgfalt und technischem Know-how umsetzen.<\/p><p class=\"p1\">Wir \u00fcbernehmen die komplette Koordination aller Gewerke und sorgen f\u00fcr klare Abl\u00e4ufe, transparente Kommunikation und eine termingerechte Umsetzung. Durch strukturierte Planung, kontinuierliche Qualit\u00e4tskontrollen und einen festen Ansprechpartner garantieren wir unseren Kunden reibungslose Projektverl\u00e4ufe \u2013 von der ersten Idee bis zur finalen \u00dcbergabe.<\/p><p class=\"p1\">Unser Anspruch ist es, nachhaltige L\u00f6sungen zu schaffen, die funktional, wirtschaftlich und langlebig sind. Vertrauen, Verl\u00e4sslichkeit und saubere Arbeit bilden dabei die Grundlage jeder Zusammenarbeit.<\/p>\t\t\t\t\t\t\t\t<\/div>\n\t\t\t\t\t<\/div>\n\t\t<\/div>\n\t\t\t\t<div class=\"elementor-column elementor-col-50 elementor-top-column elementor-element elementor-element-4ec2574 elementor-hidden-tablet elementor-hidden-mobile\" data-id=\"4ec2574\" data-element_type=\"column\" data-e-type=\"column\">\n\t\t\t<div class=\"elementor-widget-wrap elementor-element-populated\">\n\t\t\t\t\t\t<div class=\"elementor-element elementor-element-ed32f6a elementor-widget elementor-widget-image\" data-id=\"ed32f6a\" data-element_type=\"widget\" data-e-type=\"widget\" data-widget_type=\"image.default\">\n\t\t\t\t\t\t\t\t\t\t\t\t\t\t\t<img fetchpriority=\"high\" decoding=\"async\" width=\"960\" height=\"640\" src=\"https:\/\/tt-probau.de\/wp-content\/uploads\/2026\/03\/medium-shot-people-carrying-placard-together-1024x683.jpg\" class=\"attachment-large size-large wp-image-1771\" alt=\"\" srcset=\"https:\/\/tt-probau.de\/wp-content\/uploads\/2026\/03\/medium-shot-people-carrying-placard-together-1024x683.jpg 1024w, https:\/\/tt-probau.de\/wp-content\/uploads\/2026\/03\/medium-shot-people-carrying-placard-together-300x200.jpg 300w, https:\/\/tt-probau.de\/wp-content\/uploads\/2026\/03\/medium-shot-people-carrying-placard-together-768x512.jpg 768w, https:\/\/tt-probau.de\/wp-content\/uploads\/2026\/03\/medium-shot-people-carrying-placard-together-1536x1024.jpg 1536w, https:\/\/tt-probau.de\/wp-content\/uploads\/2026\/03\/medium-shot-people-carrying-placard-together-2048x1365.jpg 2048w\" sizes=\"(max-width: 960px) 100vw, 960px\" \/>\t\t\t\t\t\t\t\t\t\t\t\t\t\t\t<\/div>\n\t\t\t\t\t<\/div>\n\t\t<\/div>\n\t\t\t\t\t<\/div>\n\t\t<\/section>\n\t\t\t\t<\/div>\n\t\t","protected":false},"excerpt":{"rendered":"<p>\u00dcber uns Ein erfahrenes Team f\u00fcr Bau &amp; Sanierung Seit mehreren Jahren realisieren wir Bau- und Sanierungsprojekte f\u00fcr private, gewerbliche und industrielle Auftraggeber. Als Generalunternehmen b\u00fcndeln wir Fachkompetenz, Organisation und handwerkliche Qualit\u00e4t unter einem Dach. Unser Team besteht aus erfahrenen Projektleitern und zuverl\u00e4ssigen Partnerbetrieben, die jedes Vorhaben mit Sorgfalt und technischem Know-how umsetzen. Wir \u00fcbernehmen die komplette Koordination aller Gewerke und sorgen f\u00fcr klare Abl\u00e4ufe, transparente Kommunikation und eine termingerechte Umsetzung. Durch strukturierte Planung, kontinuierliche Qualit\u00e4tskontrollen und einen festen Ansprechpartner garantieren wir unseren Kunden reibungslose Projektverl\u00e4ufe \u2013 von der ersten Idee bis zur finalen \u00dcbergabe. Unser Anspruch ist es, nachhaltige L\u00f6sungen zu schaffen, die funktional, wirtschaftlich und langlebig sind. Vertrauen, Verl\u00e4sslichkeit und saubere Arbeit bilden dabei die Grundlage jeder Zusammenarbeit.<\/p>\n","protected":false},"author":1,"featured_media":0,"parent":0,"menu_order":0,"comment_status":"closed","ping_status":"closed","template":"elementor_canvas","meta":{"footnotes":""},"class_list":["post-13","page","type-page","status-publish","hentry"],"_links":{"self":[{"href":"https:\/\/tt-probau.de\/index.php?rest_route=\/wp\/v2\/pages\/13","targetHints":{"allow":["GET"]}}],"collection":[{"href":"https:\/\/tt-probau.de\/index.php?rest_route=\/wp\/v2\/pages"}],"about":[{"href":"https:\/\/tt-probau.de\/index.php?rest_route=\/wp\/v2\/types\/page"}],"author":[{"embeddable":true,"href":"https:\/\/tt-probau.de\/index.php?rest_route=\/wp\/v2\/users\/1"}],"replies":[{"embeddable":true,"href":"https:\/\/tt-probau.de\/index.php?rest_route=%2Fwp%2Fv2%2Fcomments&post=13"}],"version-history":[{"count":10,"href":"https:\/\/tt-probau.de\/index.php?rest_route=\/wp\/v2\/pages\/13\/revisions"}],"predecessor-version":[{"id":1776,"href":"https:\/\/tt-probau.de\/index.php?rest_route=\/wp\/v2\/pages\/13\/revisions\/1776"}],"wp:attachment":[{"href":"https:\/\/tt-probau.de\/index.php?rest_route=%2Fwp%2Fv2%2Fmedia&parent=13"}],"curies":[{"name":"wp","href":"https:\/\/api.w.org\/{rel}","templated":true}]}}