{"id":1508,"date":"2025-12-15T11:18:40","date_gmt":"2025-12-15T10:18:40","guid":{"rendered":"https:\/\/tt-probau.de\/?page_id=1508"},"modified":"2026-03-09T14:11:07","modified_gmt":"2026-03-09T13:11:07","slug":"warum-wir","status":"publish","type":"page","link":"https:\/\/tt-probau.de\/?page_id=1508","title":{"rendered":"Warum wir?"},"content":{"rendered":"\t\t<div data-elementor-type=\"wp-page\" data-elementor-id=\"1508\" class=\"elementor elementor-1508\">\n\t\t\t\t\t\t<section class=\"elementor-section elementor-top-section elementor-element elementor-element-93ba181 elementor-section-height-min-height elementor-section-boxed elementor-section-height-default elementor-section-items-middle wpr-particle-no wpr-jarallax-no wpr-parallax-no wpr-sticky-section-no\" data-id=\"93ba181\" data-element_type=\"section\" data-e-type=\"section\" data-settings=\"{&quot;background_background&quot;:&quot;classic&quot;}\">\n\t\t\t\t\t\t\t<div class=\"elementor-background-overlay\"><\/div>\n\t\t\t\t\t\t\t<div class=\"elementor-container elementor-column-gap-default\">\n\t\t\t\t\t<div class=\"elementor-column elementor-col-100 elementor-top-column elementor-element elementor-element-5925c0a\" data-id=\"5925c0a\" data-element_type=\"column\" data-e-type=\"column\">\n\t\t\t<div class=\"elementor-widget-wrap\">\n\t\t\t\t\t\t\t<\/div>\n\t\t<\/div>\n\t\t\t\t\t<\/div>\n\t\t<\/section>\n\t\t<div class=\"elementor-element elementor-element-426605f e-flex e-con-boxed wpr-particle-no wpr-jarallax-no wpr-parallax-no wpr-sticky-section-no e-con e-parent\" data-id=\"426605f\" data-element_type=\"container\" data-e-type=\"container\">\n\t\t\t\t\t<div class=\"e-con-inner\">\n\t\t\t\t\t<\/div>\n\t\t\t\t<\/div>\n\t\t\t\t<section class=\"elementor-section elementor-top-section elementor-element elementor-element-19fa83a1 elementor-section-boxed elementor-section-height-default elementor-section-height-default wpr-particle-no wpr-jarallax-no wpr-parallax-no wpr-sticky-section-no\" data-id=\"19fa83a1\" data-element_type=\"section\" data-e-type=\"section\">\n\t\t\t\t\t\t<div class=\"elementor-container elementor-column-gap-wide\">\n\t\t\t\t\t<div class=\"elementor-column elementor-col-50 elementor-top-column elementor-element elementor-element-1b72ec29\" data-id=\"1b72ec29\" data-element_type=\"column\" data-e-type=\"column\">\n\t\t\t<div class=\"elementor-widget-wrap elementor-element-populated\">\n\t\t\t\t\t\t<section class=\"elementor-section elementor-inner-section elementor-element elementor-element-177eb89f elementor-section-boxed elementor-section-height-default elementor-section-height-default wpr-particle-no wpr-jarallax-no wpr-parallax-no wpr-sticky-section-no\" data-id=\"177eb89f\" data-element_type=\"section\" data-e-type=\"section\">\n\t\t\t\t\t\t<div class=\"elementor-container elementor-column-gap-default\">\n\t\t\t\t\t<div class=\"elementor-column elementor-col-50 elementor-inner-column elementor-element elementor-element-148d8482\" data-id=\"148d8482\" data-element_type=\"column\" data-e-type=\"column\">\n\t\t\t<div class=\"elementor-widget-wrap elementor-element-populated\">\n\t\t\t\t\t\t<div class=\"elementor-element elementor-element-2fad849d elementor-widget-divider--view-line elementor-widget elementor-widget-divider\" data-id=\"2fad849d\" data-element_type=\"widget\" data-e-type=\"widget\" data-widget_type=\"divider.default\">\n\t\t\t\t\t\t\t<div class=\"elementor-divider\">\n\t\t\t<span class=\"elementor-divider-separator\">\n\t\t\t\t\t\t<\/span>\n\t\t<\/div>\n\t\t\t\t\t\t<\/div>\n\t\t\t\t\t<\/div>\n\t\t<\/div>\n\t\t\t\t<div class=\"elementor-column elementor-col-50 elementor-inner-column elementor-element elementor-element-3520a78d\" data-id=\"3520a78d\" data-element_type=\"column\" data-e-type=\"column\">\n\t\t\t<div class=\"elementor-widget-wrap elementor-element-populated\">\n\t\t\t\t\t\t<div class=\"elementor-element elementor-element-77d71ddf elementor-widget elementor-widget-heading\" data-id=\"77d71ddf\" data-element_type=\"widget\" data-e-type=\"widget\" data-widget_type=\"heading.default\">\n\t\t\t\t\t<h2 class=\"elementor-heading-title elementor-size-default\">Warum wir?\u200b<\/h2>\t\t\t\t<\/div>\n\t\t\t\t\t<\/div>\n\t\t<\/div>\n\t\t\t\t\t<\/div>\n\t\t<\/section>\n\t\t\t\t<div class=\"elementor-element elementor-element-491bed2a elementor-widget elementor-widget-heading\" data-id=\"491bed2a\" data-element_type=\"widget\" data-e-type=\"widget\" data-widget_type=\"heading.default\">\n\t\t\t\t\t<h2 class=\"elementor-heading-title elementor-size-default\">Ihr Partner f\u00fcr Bau &amp; Renovierung<\/h2>\t\t\t\t<\/div>\n\t\t\t\t<div class=\"elementor-element elementor-element-1c5ccd7e elementor-widget elementor-widget-text-editor\" data-id=\"1c5ccd7e\" data-element_type=\"widget\" data-e-type=\"widget\" data-widget_type=\"text-editor.default\">\n\t\t\t\t\t\t\t\t\t<p data-start=\"85\" data-end=\"323\">TT-ProBau begleitet Ihr Bauprojekt zuverl\u00e4ssig von der Planung bis zur Fertigstellung. Durch pr\u00e4zise Arbeit, klare Kommunikation und termingerechte Umsetzung sorgen wir f\u00fcr einen reibungslosen Ablauf und hochwertige Ergebnisse.<\/p><p data-start=\"325\" data-end=\"358\"><strong data-start=\"325\" data-end=\"358\">Ihre Vorteile auf einen Blick<\/strong><\/p><ul data-start=\"360\" data-end=\"531\" data-is-last-node=\"\" data-is-only-node=\"\"><li data-section-id=\"14svu11\" data-start=\"360\" data-end=\"386\"><p data-start=\"362\" data-end=\"386\">Fester Ansprechpartner<\/p><\/li><li data-section-id=\"1nm2bp5\" data-start=\"387\" data-end=\"413\"><p data-start=\"389\" data-end=\"413\">Zuverl\u00e4ssige Umsetzung<\/p><\/li><li data-section-id=\"780eyb\" data-start=\"414\" data-end=\"442\"><p data-start=\"416\" data-end=\"442\">Saubere &amp; pr\u00e4zise Arbeit<\/p><\/li><li data-section-id=\"1do5yq8\" data-start=\"443\" data-end=\"468\"><p data-start=\"445\" data-end=\"468\">Strukturierte Planung<\/p><\/li><li data-section-id=\"14axvx7\" data-start=\"469\" data-end=\"502\"><p data-start=\"471\" data-end=\"502\">Termingerechte Fertigstellung<\/p><\/li><li data-section-id=\"kbk3mz\" data-start=\"503\" data-end=\"531\" data-is-last-node=\"\"><p data-start=\"505\" data-end=\"531\" data-is-last-node=\"\">Transparente Kommunikation<\/p><\/li><\/ul>\t\t\t\t\t\t\t\t<\/div>\n\t\t\t\t\t<\/div>\n\t\t<\/div>\n\t\t\t\t<div class=\"elementor-column elementor-col-50 elementor-top-column elementor-element elementor-element-3a5b4205 elementor-hidden-tablet elementor-hidden-mobile\" data-id=\"3a5b4205\" data-element_type=\"column\" data-e-type=\"column\">\n\t\t\t<div class=\"elementor-widget-wrap elementor-element-populated\">\n\t\t\t\t\t\t<div class=\"elementor-element elementor-element-90cbb59 elementor-widget elementor-widget-image\" data-id=\"90cbb59\" data-element_type=\"widget\" data-e-type=\"widget\" data-widget_type=\"image.default\">\n\t\t\t\t\t\t\t\t\t\t\t\t\t\t\t<img fetchpriority=\"high\" decoding=\"async\" width=\"960\" height=\"384\" src=\"https:\/\/tt-probau.de\/wp-content\/uploads\/2022\/05\/tt-pro-1024x410.png\" class=\"attachment-large size-large wp-image-1737\" alt=\"\" srcset=\"https:\/\/tt-probau.de\/wp-content\/uploads\/2022\/05\/tt-pro-1024x410.png 1024w, https:\/\/tt-probau.de\/wp-content\/uploads\/2022\/05\/tt-pro-300x120.png 300w, https:\/\/tt-probau.de\/wp-content\/uploads\/2022\/05\/tt-pro-768x307.png 768w, https:\/\/tt-probau.de\/wp-content\/uploads\/2022\/05\/tt-pro.png 1500w\" sizes=\"(max-width: 960px) 100vw, 960px\" \/>\t\t\t\t\t\t\t\t\t\t\t\t\t\t\t<\/div>\n\t\t\t\t\t<\/div>\n\t\t<\/div>\n\t\t\t\t\t<\/div>\n\t\t<\/section>\n\t\t\t\t<\/div>\n\t\t","protected":false},"excerpt":{"rendered":"<p>Warum wir?\u200b Ihr Partner f\u00fcr Bau &amp; Renovierung TT-ProBau begleitet Ihr Bauprojekt zuverl\u00e4ssig von der Planung bis zur Fertigstellung. Durch pr\u00e4zise Arbeit, klare Kommunikation und termingerechte Umsetzung sorgen wir f\u00fcr einen reibungslosen Ablauf und hochwertige Ergebnisse. Ihre Vorteile auf einen Blick Fester Ansprechpartner Zuverl\u00e4ssige Umsetzung Saubere &amp; pr\u00e4zise Arbeit Strukturierte Planung Termingerechte Fertigstellung Transparente Kommunikation<\/p>\n","protected":false},"author":1,"featured_media":0,"parent":0,"menu_order":0,"comment_status":"closed","ping_status":"closed","template":"elementor_canvas","meta":{"footnotes":""},"class_list":["post-1508","page","type-page","status-publish","hentry"],"_links":{"self":[{"href":"https:\/\/tt-probau.de\/index.php?rest_route=\/wp\/v2\/pages\/1508","targetHints":{"allow":["GET"]}}],"collection":[{"href":"https:\/\/tt-probau.de\/index.php?rest_route=\/wp\/v2\/pages"}],"about":[{"href":"https:\/\/tt-probau.de\/index.php?rest_route=\/wp\/v2\/types\/page"}],"author":[{"embeddable":true,"href":"https:\/\/tt-probau.de\/index.php?rest_route=\/wp\/v2\/users\/1"}],"replies":[{"embeddable":true,"href":"https:\/\/tt-probau.de\/index.php?rest_route=%2Fwp%2Fv2%2Fcomments&post=1508"}],"version-history":[{"count":10,"href":"https:\/\/tt-probau.de\/index.php?rest_route=\/wp\/v2\/pages\/1508\/revisions"}],"predecessor-version":[{"id":1818,"href":"https:\/\/tt-probau.de\/index.php?rest_route=\/wp\/v2\/pages\/1508\/revisions\/1818"}],"wp:attachment":[{"href":"https:\/\/tt-probau.de\/index.php?rest_route=%2Fwp%2Fv2%2Fmedia&parent=1508"}],"curies":[{"name":"wp","href":"https:\/\/api.w.org\/{rel}","templated":true}]}}